{"id":265,"date":"2022-03-19T08:35:21","date_gmt":"2022-03-19T07:35:21","guid":{"rendered":"https:\/\/grizzlyshop.se\/?page_id=265"},"modified":"2022-05-20T16:07:53","modified_gmt":"2022-05-20T14:07:53","slug":"om-grizzly","status":"publish","type":"page","link":"https:\/\/grizzlyshop.se\/?page_id=265","title":{"rendered":"Om Grizzly"},"content":{"rendered":"\t\t<div data-elementor-type=\"wp-page\" data-elementor-id=\"265\" class=\"elementor elementor-265\" data-elementor-post-type=\"page\">\n\t\t\t\t\t\t<section class=\"elementor-section elementor-top-section elementor-element elementor-element-64ef092 elementor-section-boxed elementor-section-height-default elementor-section-height-default\" data-id=\"64ef092\" data-element_type=\"section\" data-e-type=\"section\">\n\t\t\t\t\t\t<div class=\"elementor-container elementor-column-gap-default\">\n\t\t\t\t\t<div class=\"elementor-column elementor-col-100 elementor-top-column elementor-element elementor-element-4840190\" data-id=\"4840190\" data-element_type=\"column\" data-e-type=\"column\">\n\t\t\t<div class=\"elementor-widget-wrap elementor-element-populated\">\n\t\t\t\t\t\t<div class=\"elementor-element elementor-element-23a239b elementor-widget elementor-widget-heading\" data-id=\"23a239b\" data-element_type=\"widget\" data-e-type=\"widget\" data-widget_type=\"heading.default\">\n\t\t\t\t<div class=\"elementor-widget-container\">\n\t\t\t\t\t<h2 class=\"elementor-heading-title elementor-size-default\">Om Grizzlyshop<\/h2>\t\t\t\t<\/div>\n\t\t\t\t<\/div>\n\t\t\t\t\t<\/div>\n\t\t<\/div>\n\t\t\t\t\t<\/div>\n\t\t<\/section>\n\t\t\t\t<section class=\"elementor-section elementor-top-section elementor-element elementor-element-7256201 elementor-section-boxed elementor-section-height-default elementor-section-height-default\" data-id=\"7256201\" data-element_type=\"section\" data-e-type=\"section\" data-settings=\"{&quot;background_background&quot;:&quot;classic&quot;,&quot;shape_divider_top&quot;:&quot;tilt&quot;,&quot;shape_divider_bottom&quot;:&quot;tilt&quot;}\">\n\t\t\t\t\t<div class=\"elementor-shape elementor-shape-top\" aria-hidden=\"true\" data-negative=\"false\">\n\t\t\t<svg xmlns=\"http:\/\/www.w3.org\/2000\/svg\" viewBox=\"0 0 1000 100\" preserveAspectRatio=\"none\">\n\t<path class=\"elementor-shape-fill\" d=\"M0,6V0h1000v100L0,6z\"\/>\n<\/svg>\t\t<\/div>\n\t\t\t\t<div class=\"elementor-shape elementor-shape-bottom\" aria-hidden=\"true\" data-negative=\"false\">\n\t\t\t<svg xmlns=\"http:\/\/www.w3.org\/2000\/svg\" viewBox=\"0 0 1000 100\" preserveAspectRatio=\"none\">\n\t<path class=\"elementor-shape-fill\" d=\"M0,6V0h1000v100L0,6z\"\/>\n<\/svg>\t\t<\/div>\n\t\t\t\t\t<div class=\"elementor-container elementor-column-gap-default\">\n\t\t\t\t\t<div class=\"elementor-column elementor-col-100 elementor-top-column elementor-element elementor-element-05c7406\" data-id=\"05c7406\" data-element_type=\"column\" data-e-type=\"column\">\n\t\t\t<div class=\"elementor-widget-wrap elementor-element-populated\">\n\t\t\t\t\t\t<div class=\"elementor-element elementor-element-2c465dc elementor-widget elementor-widget-heading\" data-id=\"2c465dc\" data-element_type=\"widget\" data-e-type=\"widget\" data-widget_type=\"heading.default\">\n\t\t\t\t<div class=\"elementor-widget-container\">\n\t\t\t\t\t<h2 class=\"elementor-heading-title elementor-size-default\">Varf\u00f6r finns grizzlyshop? (syfte)<\/h2>\t\t\t\t<\/div>\n\t\t\t\t<\/div>\n\t\t\t\t<div class=\"elementor-element elementor-element-5626791 elementor-widget elementor-widget-text-editor\" data-id=\"5626791\" data-element_type=\"widget\" data-e-type=\"widget\" data-widget_type=\"text-editor.default\">\n\t\t\t\t<div class=\"elementor-widget-container\">\n\t\t\t\t\t\t\t\t\t<p>Webbshoppen skapades n\u00e4r personal ur 161.4:e kompani efterfr\u00e5gade merch-kl\u00e4der som passar inom kompaniet.<\/p>\n<p>Syftet med webbshoppen \u00e4r att underl\u00e4tta f\u00f6r personal inom bataljonen att kunna best\u00e4lla kl\u00e4der att b\u00e4ra under uniform (efter godk\u00e4nnande), till tr\u00e4ning eller annan valfri aktivitet.<\/p>\n<p>Genom muntliga unders\u00f6kningar och id\u00e9-mail skapas nya tryckm\u00e4rken, vi tror prim\u00e4rt att best\u00e4llningar g\u00f6rs av egen personal och vi riktar oss i f\u00f6rsta hand till personal inom bataljonen, men alla \u00e4r v\u00e4lkomna att best\u00e4lla.<\/p>\t\t\t\t\t\t\t\t<\/div>\n\t\t\t\t<\/div>\n\t\t\t\t\t<\/div>\n\t\t<\/div>\n\t\t\t\t\t<\/div>\n\t\t<\/section>\n\t\t\t\t<section class=\"elementor-section elementor-top-section elementor-element elementor-element-e4043fc elementor-section-boxed elementor-section-height-default elementor-section-height-default\" data-id=\"e4043fc\" data-element_type=\"section\" data-e-type=\"section\">\n\t\t\t\t\t\t<div class=\"elementor-container elementor-column-gap-default\">\n\t\t\t\t\t<div class=\"elementor-column elementor-col-100 elementor-top-column elementor-element elementor-element-c7a2674\" data-id=\"c7a2674\" data-element_type=\"column\" data-e-type=\"column\">\n\t\t\t<div class=\"elementor-widget-wrap elementor-element-populated\">\n\t\t\t\t\t\t<section class=\"elementor-section elementor-inner-section elementor-element elementor-element-b0fd9d9 elementor-section-boxed elementor-section-height-default elementor-section-height-default\" data-id=\"b0fd9d9\" data-element_type=\"section\" data-e-type=\"section\">\n\t\t\t\t\t\t<div class=\"elementor-container elementor-column-gap-default\">\n\t\t\t\t\t<div class=\"elementor-column elementor-col-100 elementor-inner-column elementor-element elementor-element-9b343ef\" data-id=\"9b343ef\" data-element_type=\"column\" data-e-type=\"column\">\n\t\t\t<div class=\"elementor-widget-wrap elementor-element-populated\">\n\t\t\t\t\t\t<div class=\"elementor-element elementor-element-a4a3371 elementor-widget elementor-widget-heading\" data-id=\"a4a3371\" data-element_type=\"widget\" data-e-type=\"widget\" data-widget_type=\"heading.default\">\n\t\t\t\t<div class=\"elementor-widget-container\">\n\t\t\t\t\t<h2 class=\"elementor-heading-title elementor-size-default\">Vad vill Grizzlyshop? (M\u00e5l)<\/h2>\t\t\t\t<\/div>\n\t\t\t\t<\/div>\n\t\t\t\t<div class=\"elementor-element elementor-element-f9b8d98 elementor-widget elementor-widget-text-editor\" data-id=\"f9b8d98\" data-element_type=\"widget\" data-e-type=\"widget\" data-widget_type=\"text-editor.default\">\n\t\t\t\t<div class=\"elementor-widget-container\">\n\t\t\t\t\t\t\t\t\t<p>F\u00f6rmedla merch till personal &#8211; no more and no less.<\/p>\n<p>Vi l\u00e4gger ner tid p\u00e5 att utforma, designa, skapa, konvertera och generera mallar och trycksaker f\u00f6r att \u00f6ka sammanh\u00e5llningen mellan avdelningar och plutoner. Vi hoppas \u00e4ven kunna involvera fler f\u00f6r att kunna vidareutveckla utveckla id\u00e9er och skapa nya tillg\u00e4ngligheter, digitalt eller fysiskt.<\/p>\n<p><\/p>\t\t\t\t\t\t\t\t<\/div>\n\t\t\t\t<\/div>\n\t\t\t\t\t<\/div>\n\t\t<\/div>\n\t\t\t\t\t<\/div>\n\t\t<\/section>\n\t\t\t\t\t<\/div>\n\t\t<\/div>\n\t\t\t\t\t<\/div>\n\t\t<\/section>\n\t\t\t\t<section class=\"elementor-section elementor-top-section elementor-element elementor-element-1718e35 elementor-section-boxed elementor-section-height-default elementor-section-height-default\" data-id=\"1718e35\" data-element_type=\"section\" data-e-type=\"section\" data-settings=\"{&quot;background_background&quot;:&quot;classic&quot;}\">\n\t\t\t\t\t\t<div class=\"elementor-container elementor-column-gap-default\">\n\t\t\t\t\t<div class=\"elementor-column elementor-col-50 elementor-top-column elementor-element elementor-element-582d8fe\" data-id=\"582d8fe\" data-element_type=\"column\" data-e-type=\"column\" data-settings=\"{&quot;background_background&quot;:&quot;classic&quot;}\">\n\t\t\t<div class=\"elementor-widget-wrap elementor-element-populated\">\n\t\t\t\t\t\t<div class=\"elementor-element elementor-element-eab5dcf elementor-widget elementor-widget-heading\" data-id=\"eab5dcf\" data-element_type=\"widget\" data-e-type=\"widget\" data-widget_type=\"heading.default\">\n\t\t\t\t<div class=\"elementor-widget-container\">\n\t\t\t\t\t<h2 class=\"elementor-heading-title elementor-size-default\">Var med du ocks\u00e5!<\/h2>\t\t\t\t<\/div>\n\t\t\t\t<\/div>\n\t\t\t\t<div class=\"elementor-element elementor-element-deeef96 elementor-widget elementor-widget-text-editor\" data-id=\"deeef96\" data-element_type=\"widget\" data-e-type=\"widget\" data-widget_type=\"text-editor.default\">\n\t\t\t\t<div class=\"elementor-widget-container\">\n\t\t\t\t\t\t\t\t\t<p>Ingen kan g\u00f6ra allt, men alla kan g\u00f6ra n\u00e5got.<br \/>Tillsammans kan vi \u00e5stadkomma allt!<\/p><p>Vi tar g\u00e4rna emot ditt f\u00f6rslag, bidrag eller en ans\u00f6kan att kunna hj\u00e4lpa till hos oss. All hj\u00e4lp \u00e4r v\u00e4lkommet!<\/p>\t\t\t\t\t\t\t\t<\/div>\n\t\t\t\t<\/div>\n\t\t\t\t<div class=\"elementor-element elementor-element-a7f87d7 elementor-widget elementor-widget-button\" data-id=\"a7f87d7\" data-element_type=\"widget\" data-e-type=\"widget\" data-widget_type=\"button.default\">\n\t\t\t\t<div class=\"elementor-widget-container\">\n\t\t\t\t\t\t\t\t\t<div class=\"elementor-button-wrapper\">\n\t\t\t\t\t<a class=\"elementor-button elementor-button-link elementor-size-sm\" href=\"https:\/\/grizzlyshop.se\/?page_id=154\">\n\t\t\t\t\t\t<span class=\"elementor-button-content-wrapper\">\n\t\t\t\t\t\t<span class=\"elementor-button-icon\">\n\t\t\t\t<i aria-hidden=\"true\" class=\"fas fa-chevron-right\"><\/i>\t\t\t<\/span>\n\t\t\t\t\t\t\t\t\t<span class=\"elementor-button-text\">Ta kontakt<\/span>\n\t\t\t\t\t<\/span>\n\t\t\t\t\t<\/a>\n\t\t\t\t<\/div>\n\t\t\t\t\t\t\t\t<\/div>\n\t\t\t\t<\/div>\n\t\t\t\t\t<\/div>\n\t\t<\/div>\n\t\t\t\t<div class=\"elementor-column elementor-col-50 elementor-top-column elementor-element elementor-element-668586c\" data-id=\"668586c\" data-element_type=\"column\" data-e-type=\"column\">\n\t\t\t<div class=\"elementor-widget-wrap elementor-element-populated\">\n\t\t\t\t\t\t<div class=\"elementor-element elementor-element-a0f2b33 elementor-widget elementor-widget-image\" data-id=\"a0f2b33\" data-element_type=\"widget\" data-e-type=\"widget\" data-widget_type=\"image.default\">\n\t\t\t\t<div class=\"elementor-widget-container\">\n\t\t\t\t\t\t\t\t\t\t\t\t\t\t\t<img fetchpriority=\"high\" decoding=\"async\" width=\"500\" height=\"353\" src=\"https:\/\/grizzlyshop.se\/wp-content\/uploads\/2021\/12\/grizzlyshop-logo-webb.png\" class=\"attachment-large size-large wp-image-78\" alt=\"\" srcset=\"https:\/\/grizzlyshop.se\/wp-content\/uploads\/2021\/12\/grizzlyshop-logo-webb.png 500w, https:\/\/grizzlyshop.se\/wp-content\/uploads\/2021\/12\/grizzlyshop-logo-webb-300x212.png 300w\" sizes=\"(max-width: 500px) 100vw, 500px\" \/>\t\t\t\t\t\t\t\t\t\t\t\t\t\t\t<\/div>\n\t\t\t\t<\/div>\n\t\t\t\t\t<\/div>\n\t\t<\/div>\n\t\t\t\t\t<\/div>\n\t\t<\/section>\n\t\t\t\t<section class=\"elementor-section elementor-top-section elementor-element elementor-element-ce1b2f4 elementor-section-boxed elementor-section-height-default elementor-section-height-default\" data-id=\"ce1b2f4\" data-element_type=\"section\" data-e-type=\"section\">\n\t\t\t\t\t\t<div class=\"elementor-container elementor-column-gap-default\">\n\t\t\t\t\t<div class=\"elementor-column elementor-col-100 elementor-top-column elementor-element elementor-element-ce837bd\" data-id=\"ce837bd\" data-element_type=\"column\" data-e-type=\"column\">\n\t\t\t<div class=\"elementor-widget-wrap\">\n\t\t\t\t\t\t\t<\/div>\n\t\t<\/div>\n\t\t\t\t\t<\/div>\n\t\t<\/section>\n\t\t\t\t<\/div>\n\t\t","protected":false},"excerpt":{"rendered":"<p>Om Grizzlyshop Varf\u00f6r finns grizzlyshop? (syfte) Webbshoppen skapades n\u00e4r personal ur 161.4:e kompani efterfr\u00e5gade merch-kl\u00e4der som passar inom kompaniet. Syftet med webbshoppen \u00e4r att underl\u00e4tta f\u00f6r personal inom bataljonen att kunna best\u00e4lla kl\u00e4der att b\u00e4ra under uniform (efter godk\u00e4nnande), till tr\u00e4ning eller annan valfri aktivitet. Genom muntliga unders\u00f6kningar och id\u00e9-mail skapas nya tryckm\u00e4rken, vi tror [&hellip;]<\/p>\n","protected":false},"author":1,"featured_media":0,"parent":0,"menu_order":0,"comment_status":"closed","ping_status":"closed","template":"elementor_header_footer","meta":{"footnotes":""},"class_list":["post-265","page","type-page","status-publish","hentry"],"_links":{"self":[{"href":"https:\/\/grizzlyshop.se\/index.php?rest_route=\/wp\/v2\/pages\/265","targetHints":{"allow":["GET"]}}],"collection":[{"href":"https:\/\/grizzlyshop.se\/index.php?rest_route=\/wp\/v2\/pages"}],"about":[{"href":"https:\/\/grizzlyshop.se\/index.php?rest_route=\/wp\/v2\/types\/page"}],"author":[{"embeddable":true,"href":"https:\/\/grizzlyshop.se\/index.php?rest_route=\/wp\/v2\/users\/1"}],"replies":[{"embeddable":true,"href":"https:\/\/grizzlyshop.se\/index.php?rest_route=%2Fwp%2Fv2%2Fcomments&post=265"}],"version-history":[{"count":0,"href":"https:\/\/grizzlyshop.se\/index.php?rest_route=\/wp\/v2\/pages\/265\/revisions"}],"wp:attachment":[{"href":"https:\/\/grizzlyshop.se\/index.php?rest_route=%2Fwp%2Fv2%2Fmedia&parent=265"}],"curies":[{"name":"wp","href":"https:\/\/api.w.org\/{rel}","templated":true}]}}