{"id":2,"date":"2021-12-08T11:53:33","date_gmt":"2021-12-08T10:53:33","guid":{"rendered":"http:\/\/grizzlyshop.se\/?page_id=2"},"modified":"2024-12-29T08:57:07","modified_gmt":"2024-12-29T07:57:07","slug":"grizzly-home","status":"publish","type":"page","link":"https:\/\/grizzlyshop.se\/","title":{"rendered":"Grizzly Home"},"content":{"rendered":"\t\t<div data-elementor-type=\"wp-page\" data-elementor-id=\"2\" class=\"elementor elementor-2\" data-elementor-post-type=\"page\">\n\t\t\t\t<div class=\"elementor-element elementor-element-59765d4 e-flex e-con-boxed e-con e-parent\" data-id=\"59765d4\" data-element_type=\"container\" data-e-type=\"container\" data-settings=\"{&quot;background_background&quot;:&quot;slideshow&quot;,&quot;background_slideshow_gallery&quot;:[{&quot;id&quot;:87,&quot;url&quot;:&quot;https:\\\/\\\/grizzlyshop.se\\\/wp-content\\\/uploads\\\/2021\\\/12\\\/grizzly-background-2.jpg&quot;},{&quot;id&quot;:179,&quot;url&quot;:&quot;https:\\\/\\\/grizzlyshop.se\\\/wp-content\\\/uploads\\\/2021\\\/12\\\/grizzly-bg-2.jpg&quot;},{&quot;id&quot;:180,&quot;url&quot;:&quot;https:\\\/\\\/grizzlyshop.se\\\/wp-content\\\/uploads\\\/2021\\\/12\\\/grizzly-bg-3.jpg&quot;}],&quot;background_slideshow_loop&quot;:&quot;yes&quot;,&quot;background_slideshow_slide_duration&quot;:5000,&quot;background_slideshow_slide_transition&quot;:&quot;fade&quot;,&quot;background_slideshow_transition_duration&quot;:500}\">\n\t\t\t\t\t<div class=\"e-con-inner\">\n\t\t<div class=\"elementor-element elementor-element-84eb056 e-con-full e-flex e-con e-child\" data-id=\"84eb056\" data-element_type=\"container\" data-e-type=\"container\">\n\t\t<div class=\"elementor-element elementor-element-8b2ee6f e-con-full e-flex e-con e-child\" data-id=\"8b2ee6f\" data-element_type=\"container\" data-e-type=\"container\">\n\t\t<div class=\"elementor-element elementor-element-4992f8c e-con-full e-flex e-con e-child\" data-id=\"4992f8c\" data-element_type=\"container\" data-e-type=\"container\">\n\t\t\t\t<div class=\"elementor-element elementor-element-3969134 elementor-widget elementor-widget-heading\" data-id=\"3969134\" data-element_type=\"widget\" data-e-type=\"widget\" data-widget_type=\"heading.default\">\n\t\t\t\t<div class=\"elementor-widget-container\">\n\t\t\t\t\t<h2 class=\"elementor-heading-title elementor-size-default\">Grizzlyshop - 161:a Bat<\/h2>\t\t\t\t<\/div>\n\t\t\t\t<\/div>\n\t\t\t\t<div class=\"elementor-element elementor-element-8ef239b elementor-widget elementor-widget-text-editor\" data-id=\"8ef239b\" data-element_type=\"widget\" data-e-type=\"widget\" data-widget_type=\"text-editor.default\">\n\t\t\t\t<div class=\"elementor-widget-container\">\n\t\t\t\t\t\t\t\t\t<p>F\u00f6r soldater, officerare och civila som \u00f6nskar b\u00e4ra bataljonens och n\u00e4rliggande m\u00e4rken<\/p>\t\t\t\t\t\t\t\t<\/div>\n\t\t\t\t<\/div>\n\t\t\t\t<\/div>\n\t\t<div class=\"elementor-element elementor-element-b168e83 e-con-full e-flex e-con e-child\" data-id=\"b168e83\" data-element_type=\"container\" data-e-type=\"container\">\n\t\t\t\t<\/div>\n\t\t\t\t<\/div>\n\t\t\t\t<\/div>\n\t\t\t\t\t<\/div>\n\t\t\t\t<\/div>\n\t\t<div class=\"elementor-element elementor-element-63db881 e-flex e-con-boxed e-con e-parent\" data-id=\"63db881\" data-element_type=\"container\" data-e-type=\"container\" data-settings=\"{&quot;background_background&quot;:&quot;classic&quot;}\">\n\t\t\t\t\t<div class=\"e-con-inner\">\n\t\t<div class=\"elementor-element elementor-element-cd98be8 e-con-full e-flex e-con e-child\" data-id=\"cd98be8\" data-element_type=\"container\" data-e-type=\"container\">\n\t\t\t\t<div class=\"elementor-element elementor-element-5cba145 elementor-widget elementor-widget-shortcode\" data-id=\"5cba145\" data-element_type=\"widget\" data-e-type=\"widget\" data-widget_type=\"shortcode.default\">\n\t\t\t\t<div class=\"elementor-widget-container\">\n\t\t\t\t\t\t\t<div class=\"elementor-shortcode\"><script type=\"text\/javascript\">    var spread_shop_config = {\"shopName\":\"100872261\",\"prefix\":\"https:\\\/\\\/100872261.myspreadshop.net\",\"baseId\":\"myShop\",\"locale\":\"se_SE\",\"startToken\":\"all\",\"usePushState\":false,\"pushStateBaseUrl\":null,\"updateMetadata\":true,\"swipeMenu\":false,\"loadFonts\":false,\"integrationProvider\":\"Spreadshirt WordPress plugin v1.6.6\"};<\/script><div id=\"primary\" class=\"content-area\">    <main id=\"main\" class=\"site-main\">        <div id=\"myShop\"><\/div>    <\/main><\/div><script src=\"https:\/\/100872261.myspreadshop.net\/shopfiles\/shopclient\/shopclient.nocache.js\"><\/script>\n<\/div>\n\t\t\t\t\t\t<\/div>\n\t\t\t\t<\/div>\n\t\t\t\t<\/div>\n\t\t\t\t\t<\/div>\n\t\t\t\t<\/div>\n\t\t\t\t<\/div>\n\t\t","protected":false},"excerpt":{"rendered":"<p>Grizzlyshop &#8211; 161:a Bat F\u00f6r soldater, officerare och civila som \u00f6nskar b\u00e4ra bataljonens och n\u00e4rliggande m\u00e4rken<\/p>\n","protected":false},"author":1,"featured_media":0,"parent":0,"menu_order":0,"comment_status":"closed","ping_status":"closed","template":"elementor_header_footer","meta":{"footnotes":""},"class_list":["post-2","page","type-page","status-publish","hentry"],"_links":{"self":[{"href":"https:\/\/grizzlyshop.se\/index.php?rest_route=\/wp\/v2\/pages\/2","targetHints":{"allow":["GET"]}}],"collection":[{"href":"https:\/\/grizzlyshop.se\/index.php?rest_route=\/wp\/v2\/pages"}],"about":[{"href":"https:\/\/grizzlyshop.se\/index.php?rest_route=\/wp\/v2\/types\/page"}],"author":[{"embeddable":true,"href":"https:\/\/grizzlyshop.se\/index.php?rest_route=\/wp\/v2\/users\/1"}],"replies":[{"embeddable":true,"href":"https:\/\/grizzlyshop.se\/index.php?rest_route=%2Fwp%2Fv2%2Fcomments&post=2"}],"version-history":[{"count":0,"href":"https:\/\/grizzlyshop.se\/index.php?rest_route=\/wp\/v2\/pages\/2\/revisions"}],"wp:attachment":[{"href":"https:\/\/grizzlyshop.se\/index.php?rest_route=%2Fwp%2Fv2%2Fmedia&parent=2"}],"curies":[{"name":"wp","href":"https:\/\/api.w.org\/{rel}","templated":true}]}}